{"id":9,"date":"2018-08-31T21:07:40","date_gmt":"2018-08-31T19:07:40","guid":{"rendered":"http:\/\/szamszam.ovh\/?page_id=9"},"modified":"2018-08-31T21:45:54","modified_gmt":"2018-08-31T19:45:54","slug":"contact","status":"publish","type":"page","link":"https:\/\/szamszam.ovh\/?page_id=9","title":{"rendered":"Kontakt"},"content":{"rendered":"<p>Je\u017celi chcesz si\u0119 z nami skontaktowa\u0107 &#8211; pisz na klimas.ba@gmail.com<\/p>\n","protected":false},"excerpt":{"rendered":"<p>Je\u017celi chcesz si\u0119 z nami skontaktowa\u0107 &#8211; pisz na klimas.ba@gmail.com<\/p>\n","protected":false},"author":1,"featured_media":44,"parent":0,"menu_order":0,"comment_status":"closed","ping_status":"closed","template":"","meta":{"footnotes":""},"class_list":["post-9","page","type-page","status-publish","has-post-thumbnail","hentry"],"yoast_head":"<!-- This site is optimized with the Yoast SEO plugin v24.0 - https:\/\/yoast.com\/wordpress\/plugins\/seo\/ -->\n<title>Kontakt - Szam Szam<\/title>\n<meta name=\"robots\" content=\"index, follow, max-snippet:-1, max-image-preview:large, max-video-preview:-1\" \/>\n<link rel=\"canonical\" href=\"https:\/\/szamszam.ovh\/?page_id=9\" \/>\n<meta property=\"og:locale\" content=\"en_US\" \/>\n<meta property=\"og:type\" content=\"article\" \/>\n<meta property=\"og:title\" content=\"Kontakt - Szam Szam\" \/>\n<meta property=\"og:description\" content=\"Je\u017celi chcesz si\u0119 z nami skontaktowa\u0107 &#8211; pisz na klimas.ba@gmail.com\" \/>\n<meta property=\"og:url\" content=\"https:\/\/szamszam.ovh\/?page_id=9\" \/>\n<meta property=\"og:site_name\" content=\"Szam Szam\" \/>\n<meta property=\"article:modified_time\" content=\"2018-08-31T19:45:54+00:00\" \/>\n<meta property=\"og:image\" content=\"https:\/\/szamszam.ovh\/wp-content\/uploads\/2018\/08\/IMG_20180514_201433.jpg\" \/>\n\t<meta property=\"og:image:width\" content=\"3968\" \/>\n\t<meta property=\"og:image:height\" content=\"2976\" \/>\n\t<meta property=\"og:image:type\" content=\"image\/jpeg\" \/>\n<meta name=\"twitter:card\" content=\"summary_large_image\" \/>\n<script type=\"application\/ld+json\" class=\"yoast-schema-graph\">{\"@context\":\"https:\/\/schema.org\",\"@graph\":[{\"@type\":\"WebPage\",\"@id\":\"https:\/\/szamszam.ovh\/?page_id=9\",\"url\":\"https:\/\/szamszam.ovh\/?page_id=9\",\"name\":\"Kontakt - Szam Szam\",\"isPartOf\":{\"@id\":\"https:\/\/szamszam.ovh\/#website\"},\"primaryImageOfPage\":{\"@id\":\"https:\/\/szamszam.ovh\/?page_id=9#primaryimage\"},\"image\":{\"@id\":\"https:\/\/szamszam.ovh\/?page_id=9#primaryimage\"},\"thumbnailUrl\":\"https:\/\/szamszam.ovh\/wp-content\/uploads\/2018\/08\/IMG_20180514_201433.jpg\",\"datePublished\":\"2018-08-31T19:07:40+00:00\",\"dateModified\":\"2018-08-31T19:45:54+00:00\",\"breadcrumb\":{\"@id\":\"https:\/\/szamszam.ovh\/?page_id=9#breadcrumb\"},\"inLanguage\":\"en-US\",\"potentialAction\":[{\"@type\":\"ReadAction\",\"target\":[\"https:\/\/szamszam.ovh\/?page_id=9\"]}]},{\"@type\":\"ImageObject\",\"inLanguage\":\"en-US\",\"@id\":\"https:\/\/szamszam.ovh\/?page_id=9#primaryimage\",\"url\":\"https:\/\/szamszam.ovh\/wp-content\/uploads\/2018\/08\/IMG_20180514_201433.jpg\",\"contentUrl\":\"https:\/\/szamszam.ovh\/wp-content\/uploads\/2018\/08\/IMG_20180514_201433.jpg\",\"width\":3968,\"height\":2976,\"caption\":\"sdr\"},{\"@type\":\"BreadcrumbList\",\"@id\":\"https:\/\/szamszam.ovh\/?page_id=9#breadcrumb\",\"itemListElement\":[{\"@type\":\"ListItem\",\"position\":1,\"name\":\"Home\",\"item\":\"https:\/\/szamszam.ovh\/\"},{\"@type\":\"ListItem\",\"position\":2,\"name\":\"Kontakt\"}]},{\"@type\":\"WebSite\",\"@id\":\"https:\/\/szamszam.ovh\/#website\",\"url\":\"https:\/\/szamszam.ovh\/\",\"name\":\"Szam Szam\",\"description\":\"Podr\u00f3\u017ce i wspinanie z dzieckiem\",\"publisher\":{\"@id\":\"https:\/\/szamszam.ovh\/#\/schema\/person\/dcce4f70ebacd15c0e8dd054fa8a58ed\"},\"potentialAction\":[{\"@type\":\"SearchAction\",\"target\":{\"@type\":\"EntryPoint\",\"urlTemplate\":\"https:\/\/szamszam.ovh\/?s={search_term_string}\"},\"query-input\":{\"@type\":\"PropertyValueSpecification\",\"valueRequired\":true,\"valueName\":\"search_term_string\"}}],\"inLanguage\":\"en-US\"},{\"@type\":[\"Person\",\"Organization\"],\"@id\":\"https:\/\/szamszam.ovh\/#\/schema\/person\/dcce4f70ebacd15c0e8dd054fa8a58ed\",\"name\":\"Bartek\",\"image\":{\"@type\":\"ImageObject\",\"inLanguage\":\"en-US\",\"@id\":\"https:\/\/szamszam.ovh\/#\/schema\/person\/image\/\",\"url\":\"https:\/\/secure.gravatar.com\/avatar\/3cd1f2a1d63f309ba3415b0ee02e47375b173e0ea9aeda229244ec02777d6144?s=96&d=mm&r=g\",\"contentUrl\":\"https:\/\/secure.gravatar.com\/avatar\/3cd1f2a1d63f309ba3415b0ee02e47375b173e0ea9aeda229244ec02777d6144?s=96&d=mm&r=g\",\"caption\":\"Bartek\"},\"logo\":{\"@id\":\"https:\/\/szamszam.ovh\/#\/schema\/person\/image\/\"}}]}<\/script>\n<!-- \/ Yoast SEO plugin. -->","yoast_head_json":{"title":"Kontakt - Szam Szam","robots":{"index":"index","follow":"follow","max-snippet":"max-snippet:-1","max-image-preview":"max-image-preview:large","max-video-preview":"max-video-preview:-1"},"canonical":"https:\/\/szamszam.ovh\/?page_id=9","og_locale":"en_US","og_type":"article","og_title":"Kontakt - Szam Szam","og_description":"Je\u017celi chcesz si\u0119 z nami skontaktowa\u0107 &#8211; pisz na klimas.ba@gmail.com","og_url":"https:\/\/szamszam.ovh\/?page_id=9","og_site_name":"Szam Szam","article_modified_time":"2018-08-31T19:45:54+00:00","og_image":[{"width":3968,"height":2976,"url":"https:\/\/szamszam.ovh\/wp-content\/uploads\/2018\/08\/IMG_20180514_201433.jpg","type":"image\/jpeg"}],"twitter_card":"summary_large_image","schema":{"@context":"https:\/\/schema.org","@graph":[{"@type":"WebPage","@id":"https:\/\/szamszam.ovh\/?page_id=9","url":"https:\/\/szamszam.ovh\/?page_id=9","name":"Kontakt - Szam Szam","isPartOf":{"@id":"https:\/\/szamszam.ovh\/#website"},"primaryImageOfPage":{"@id":"https:\/\/szamszam.ovh\/?page_id=9#primaryimage"},"image":{"@id":"https:\/\/szamszam.ovh\/?page_id=9#primaryimage"},"thumbnailUrl":"https:\/\/szamszam.ovh\/wp-content\/uploads\/2018\/08\/IMG_20180514_201433.jpg","datePublished":"2018-08-31T19:07:40+00:00","dateModified":"2018-08-31T19:45:54+00:00","breadcrumb":{"@id":"https:\/\/szamszam.ovh\/?page_id=9#breadcrumb"},"inLanguage":"en-US","potentialAction":[{"@type":"ReadAction","target":["https:\/\/szamszam.ovh\/?page_id=9"]}]},{"@type":"ImageObject","inLanguage":"en-US","@id":"https:\/\/szamszam.ovh\/?page_id=9#primaryimage","url":"https:\/\/szamszam.ovh\/wp-content\/uploads\/2018\/08\/IMG_20180514_201433.jpg","contentUrl":"https:\/\/szamszam.ovh\/wp-content\/uploads\/2018\/08\/IMG_20180514_201433.jpg","width":3968,"height":2976,"caption":"sdr"},{"@type":"BreadcrumbList","@id":"https:\/\/szamszam.ovh\/?page_id=9#breadcrumb","itemListElement":[{"@type":"ListItem","position":1,"name":"Home","item":"https:\/\/szamszam.ovh\/"},{"@type":"ListItem","position":2,"name":"Kontakt"}]},{"@type":"WebSite","@id":"https:\/\/szamszam.ovh\/#website","url":"https:\/\/szamszam.ovh\/","name":"Szam Szam","description":"Podr\u00f3\u017ce i wspinanie z dzieckiem","publisher":{"@id":"https:\/\/szamszam.ovh\/#\/schema\/person\/dcce4f70ebacd15c0e8dd054fa8a58ed"},"potentialAction":[{"@type":"SearchAction","target":{"@type":"EntryPoint","urlTemplate":"https:\/\/szamszam.ovh\/?s={search_term_string}"},"query-input":{"@type":"PropertyValueSpecification","valueRequired":true,"valueName":"search_term_string"}}],"inLanguage":"en-US"},{"@type":["Person","Organization"],"@id":"https:\/\/szamszam.ovh\/#\/schema\/person\/dcce4f70ebacd15c0e8dd054fa8a58ed","name":"Bartek","image":{"@type":"ImageObject","inLanguage":"en-US","@id":"https:\/\/szamszam.ovh\/#\/schema\/person\/image\/","url":"https:\/\/secure.gravatar.com\/avatar\/3cd1f2a1d63f309ba3415b0ee02e47375b173e0ea9aeda229244ec02777d6144?s=96&d=mm&r=g","contentUrl":"https:\/\/secure.gravatar.com\/avatar\/3cd1f2a1d63f309ba3415b0ee02e47375b173e0ea9aeda229244ec02777d6144?s=96&d=mm&r=g","caption":"Bartek"},"logo":{"@id":"https:\/\/szamszam.ovh\/#\/schema\/person\/image\/"}}]}},"_links":{"self":[{"href":"https:\/\/szamszam.ovh\/index.php?rest_route=\/wp\/v2\/pages\/9","targetHints":{"allow":["GET"]}}],"collection":[{"href":"https:\/\/szamszam.ovh\/index.php?rest_route=\/wp\/v2\/pages"}],"about":[{"href":"https:\/\/szamszam.ovh\/index.php?rest_route=\/wp\/v2\/types\/page"}],"author":[{"embeddable":true,"href":"https:\/\/szamszam.ovh\/index.php?rest_route=\/wp\/v2\/users\/1"}],"replies":[{"embeddable":true,"href":"https:\/\/szamszam.ovh\/index.php?rest_route=%2Fwp%2Fv2%2Fcomments&post=9"}],"version-history":[{"count":3,"href":"https:\/\/szamszam.ovh\/index.php?rest_route=\/wp\/v2\/pages\/9\/revisions"}],"predecessor-version":[{"id":45,"href":"https:\/\/szamszam.ovh\/index.php?rest_route=\/wp\/v2\/pages\/9\/revisions\/45"}],"wp:featuredmedia":[{"embeddable":true,"href":"https:\/\/szamszam.ovh\/index.php?rest_route=\/wp\/v2\/media\/44"}],"wp:attachment":[{"href":"https:\/\/szamszam.ovh\/index.php?rest_route=%2Fwp%2Fv2%2Fmedia&parent=9"}],"curies":[{"name":"wp","href":"https:\/\/api.w.org\/{rel}","templated":true}]}}